{"id":8618,"date":"2022-02-07T10:00:05","date_gmt":"2022-02-07T09:00:05","guid":{"rendered":"https:\/\/sosve.lu\/?page_id=8618"},"modified":"2026-02-23T13:53:45","modified_gmt":"2026-02-23T12:53:45","slug":"job-openings","status":"publish","type":"page","link":"https:\/\/sosve.lu\/en\/our-association\/our-team\/job-openings\/","title":{"rendered":"Job openings"},"content":{"rendered":"\n<p><strong>SOS Villages d&#8217;Enfants Monde a.s.b.l. <\/strong>is hiring :<\/p>\n\n\n\n    <div class=\"site_list_post col-12 blog  \">\n        <div class=\"d-flex row\">\n\n        \n\n        \t\t\t<article class=\"post col-12 horizontal mb-30 d-flex align-items-stretch\">\n                    <div class=\"row m-0 w-100\">\n                                  \n                    <a class=\"col-md-4 col-12 thumbnail\"  style=\"background-image:url(https:\/\/sosve.lu\/wp-content\/uploads\/2023\/08\/Ethiopia_FLC_Mekelle_-Nigus-interacting-with-the-children_Noor-Khamis.jpg);\" href=\"https:\/\/sosve.lu\/en\/world-humanitarian-day\/\">\n                    <\/a>\n\n\t\t\t\t<div class=\"col-md-8 col-12 p-30 d-inline-flex flex-column\">\n                \n                <div class=\"date w-100\">\n\t\t\t\t19.08.2023                <\/div>\n\t\t\t\t\t<h2 class=\"pb-10\">\n                    <a href=\"https:\/\/sosve.lu\/en\/world-humanitarian-day\/\">World Humanitarian Day<\/a>\n                    <\/h2>\n\t\t\t\t\t<p>For 15 years, every 19 August, the international community has honoured the humanitarian workers around the world who, in extreme and often life-threatening situations, protect children at risk and respond to the urgent needs of families and communities in distress. At SOS Villages d&#8217;Enfants Monde, we naturally join in this tribute and think warmly of [&hellip;]<\/p>\n<div class=\"button category mt-15\">\t\t\t\t\t<a href=\"https:\/\/sosve.lu\/en\/category\/international-day\/\">International Days<\/a><a href=\"https:\/\/sosve.lu\/en\/category\/our-projects\/\">Our projects<\/a><a href=\"https:\/\/sosve.lu\/en\/category\/what-we-do\/\">What we do<\/a><\/div><\/div>\n\n\t\t\t\n<\/div>\n\t\t\t\t\t<\/article>\n\n          \n\n        \t\t\t<article class=\"post col-12 horizontal mb-30 d-flex align-items-stretch\">\n                    <div class=\"row m-0 w-100\">\n                                  \n                    <a class=\"col-md-4 col-12 thumbnail\"  style=\"background-image:url(https:\/\/sosve.lu\/wp-content\/uploads\/2022\/11\/637A2094-lq.jpg);\" href=\"https:\/\/sosve.lu\/en\/journee-mondiale-de-lenfance-2\/\">\n                    <\/a>\n\n\t\t\t\t<div class=\"col-md-8 col-12 p-30 d-inline-flex flex-column\">\n                \n                <div class=\"date w-100\">\n\t\t\t\t18.11.2022                <\/div>\n\t\t\t\t\t<h2 class=\"pb-10\">\n                    <a href=\"https:\/\/sosve.lu\/en\/journee-mondiale-de-lenfance-2\/\">World Children&#8217;s Day<\/a>\n                    <\/h2>\n\t\t\t\t\t<p>20 November marks the anniversary of the 1989 UN Convention on the Rights of the Child, which highlights children as rights holders. This Day is an opportunity for us to call on governments to renew their commitment to children&#8217;s rights and to recall that every child, especially those deprived of parental care or at risk [&hellip;]<\/p>\n<div class=\"button category mt-15\">\t\t\t\t\t<a href=\"https:\/\/sosve.lu\/en\/category\/international-day\/\">International Days<\/a><\/div><\/div>\n\n\t\t\t\n<\/div>\n\t\t\t\t\t<\/article>\n\n          \n\n        \t\t\t<article class=\"post col-12 horizontal mb-30 d-flex align-items-stretch\">\n                    <div class=\"row m-0 w-100\">\n                                  \n                    <a class=\"col-md-4 col-12 thumbnail\"  style=\"background-image:url(https:\/\/sosve.lu\/wp-content\/uploads\/2026\/02\/BANNER-ARTICLE-Ukraine-scaled.jpg);\" href=\"https:\/\/sosve.lu\/en\/ukrainian-children-hopes-dreams-war-ukraine\/\">\n                    <\/a>\n\n\t\t\t\t<div class=\"col-md-8 col-12 p-30 d-inline-flex flex-column\">\n                \n                <div class=\"date w-100\">\n\t\t\t\t20.02.2026                <\/div>\n\t\t\t\t\t<h2 class=\"pb-10\">\n                    <a href=\"https:\/\/sosve.lu\/en\/ukrainian-children-hopes-dreams-war-ukraine\/\">When Ukrainian children share their hopes, wishes and dreams<\/a>\n                    <\/h2>\n\t\t\t\t\t<p>This February, the war in Ukraine enters its fifth year and continues to destroy the lives of children, young people and families. Our sister organisation SOS Children&#8217;s Villages in Ukraine, together with its partners, remains committed to helping them. Across the country, millions of people are facing one of the harshest winters on record, marked [&hellip;]<\/p>\n<div class=\"button category mt-15\">\t\t\t\t\t<a href=\"https:\/\/sosve.lu\/en\/category\/our-projects\/\">Our projects<\/a><a href=\"https:\/\/sosve.lu\/en\/category\/solidarity\/\">Solidarity<\/a><a href=\"https:\/\/sosve.lu\/en\/category\/testimonies\/\">Testimonies<\/a><a href=\"https:\/\/sosve.lu\/en\/category\/our-projects\/emergency-aid\/ukraine-en\/\">Ukraine<\/a><\/div><\/div>\n\n\t\t\t\n<\/div>\n\t\t\t\t\t<\/article>\n\n          \n\n        \t\t\t<article class=\"post col-12 horizontal mb-30 d-flex align-items-stretch\">\n                    <div class=\"row m-0 w-100\">\n                                  \n                    <a class=\"col-md-4 col-12 thumbnail\"  style=\"background-image:url(https:\/\/sosve.lu\/wp-content\/uploads\/2023\/02\/Portrait-jeune-ukrainien-Katerina-Ilievska-scaled.jpg);\" href=\"https:\/\/sosve.lu\/en\/war-in-ukraine-2022-review-and-2023-actions\/\">\n                    <\/a>\n\n\t\t\t\t<div class=\"col-md-8 col-12 p-30 d-inline-flex flex-column\">\n                \n                <div class=\"date w-100\">\n\t\t\t\t24.02.2023                <\/div>\n\t\t\t\t\t<h2 class=\"pb-10\">\n                    <a href=\"https:\/\/sosve.lu\/en\/war-in-ukraine-2022-review-and-2023-actions\/\">War in Ukraine: SOS Children&#8217;s Villages 2022 review and 2023 actions<\/a>\n                    <\/h2>\n\t\t\t\t\t<p>285,000 children and adults supported In response to the war, by the end of 2022, SOS Children&#8217;s Villages had supported some 285,000 people in Ukraine (125,000 direct beneficiaries, including 74,000 children) and in around 15 countries hosting refugees in Europe (11,300 direct beneficiaries). From Luxembourg, SOS Villages d&#8217;Enfants Monde, thanks to its generous donors, has [&hellip;]<\/p>\n<div class=\"button category mt-15\">\t\t\t\t\t<a href=\"https:\/\/sosve.lu\/en\/category\/call-for-solidarity\/\">Call for solidarity<\/a><a href=\"https:\/\/sosve.lu\/en\/category\/our-projects\/\">Our projects<\/a><a href=\"https:\/\/sosve.lu\/en\/category\/our-projects\/emergency-aid\/ukraine-en\/\">Ukraine<\/a><a href=\"https:\/\/sosve.lu\/en\/category\/what-we-do\/\">What we do<\/a><\/div><\/div>\n\n\t\t\t\n<\/div>\n\t\t\t\t\t<\/article>\n\n          \n\n        \t\t\t<article class=\"post col-12 horizontal mb-30 d-flex align-items-stretch\">\n                    <div class=\"row m-0 w-100\">\n                                  \n                    <a class=\"col-md-4 col-12 thumbnail\"  style=\"background-image:url(https:\/\/sosve.lu\/wp-content\/uploads\/2024\/10\/rollup-Gaza_ERP_PalestineIsraelConflict_Mohamed-Zaanoun-Middle-East-Images-via-AFP.png);\" href=\"https:\/\/sosve.lu\/en\/war-has-no-place-in-the-lives-of-children\/\">\n                    <\/a>\n\n\t\t\t\t<div class=\"col-md-8 col-12 p-30 d-inline-flex flex-column\">\n                \n                <div class=\"date w-100\">\n\t\t\t\t07.10.2024                <\/div>\n\t\t\t\t\t<h2 class=\"pb-10\">\n                    <a href=\"https:\/\/sosve.lu\/en\/war-has-no-place-in-the-lives-of-children\/\">War has no place in the lives of children<\/a>\n                    <\/h2>\n\t\t\t\t\t<p>One year has passed since the heartbreaking attack on Israel and the escalation of the Gaza War. We are reminded of the devastating toll this violent conflict has taken along with the continued tragedy of loss of life and limb. On behalf SOS Children\u2019s Villages International, I urgently call for a ceasefire, for civilians to be protected &#8211; particularly children who must be safeguarded &#8211; and for all hostages held in Gaza to be returned safely to their families.<\/p>\n<div class=\"button category mt-15\">\t\t\t\t\t<a href=\"https:\/\/sosve.lu\/en\/category\/call-for-solidarity\/\">Call for solidarity<\/a><a href=\"https:\/\/sosve.lu\/en\/category\/solidarity\/\">Solidarity<\/a><\/div><\/div>\n\n\t\t\t\n<\/div>\n\t\t\t\t\t<\/article>\n\n          \n\n        \t\t\t<article class=\"post col-12 horizontal mb-30 d-flex align-items-stretch\">\n                    <div class=\"row m-0 w-100\">\n                                  \n                    <a class=\"col-md-4 col-12 thumbnail\"  style=\"background-image:url(https:\/\/sosve.lu\/wp-content\/uploads\/2024\/03\/Ethiopia_OA_Addis-Ababa-_PetterikWiggers__B7A7398-scaled.jpg);\" href=\"https:\/\/sosve.lu\/en\/une-meilleure-prise-en-charge-pour-mariam-sauvee-de-la-rue\/\">\n                    <\/a>\n\n\t\t\t\t<div class=\"col-md-8 col-12 p-30 d-inline-flex flex-column\">\n                \n                <div class=\"date w-100\">\n\t\t\t\t19.03.2024                <\/div>\n\t\t\t\t\t<h2 class=\"pb-10\">\n                    <a href=\"https:\/\/sosve.lu\/en\/une-meilleure-prise-en-charge-pour-mariam-sauvee-de-la-rue\/\">Une meilleure prise en charge pour Mariam, sauv\u00e9e de la rue<\/a>\n                    <\/h2>\n\t\t\t\t\t<p>Mariam*, 13 ans, dessine avec enthousiasme une petite maison color\u00e9e ayant un jardin, un fil \u00e0 linge et une aire de jeux sur sa feuille de papier rose \u2013 tout indique qu\u2019elle pense \u00e0 sa maison. Trois jours par semaine, elle 15 autres enfants \u00e2g\u00e9s de 10 \u00e0 13 ans assistent \u00e0 ce cours de [&hellip;]<\/p>\n<div class=\"button category mt-15\">\t\t\t\t\t<a href=\"https:\/\/sosve.lu\/en\/category\/solidarity\/\">Solidarity<\/a><a href=\"https:\/\/sosve.lu\/en\/category\/sponsorship\/\">Sponsorship<\/a><a href=\"https:\/\/sosve.lu\/en\/category\/testimonies\/\">Testimonies<\/a><\/div><\/div>\n\n\t\t\t\n<\/div>\n\t\t\t\t\t<\/article>\n\n          \n\n        \t\t\t<article class=\"post col-12 horizontal mb-30 d-flex align-items-stretch\">\n                    <div class=\"row m-0 w-100\">\n                                  \n                    <a class=\"col-md-4 col-12 thumbnail\"  style=\"background-image:url(https:\/\/sosve.lu\/wp-content\/uploads\/2023\/06\/Ethiopia_OA_Tulu-Moye-_PetterikWiggers__B7A6866.jpg);\" href=\"https:\/\/sosve.lu\/en\/tree-planting-advocates\/\">\n                    <\/a>\n\n\t\t\t\t<div class=\"col-md-8 col-12 p-30 d-inline-flex flex-column\">\n                \n                <div class=\"date w-100\">\n\t\t\t\t05.06.2023                <\/div>\n\t\t\t\t\t<h2 class=\"pb-10\">\n                    <a href=\"https:\/\/sosve.lu\/en\/tree-planting-advocates\/\">Tree planting advocates promote green jobs as they restore barren landscape\u00a0<\/a>\n                    <\/h2>\n\t\t\t\t\t<p>Nefisa, 22, and Meseret, 26, were not aware the climate was in crisis, until they joined a greening project three years ago. They could tell the weather patterns were more erratic every year, but they did not know what was happening or if they could do anything about it. These two young people live in [&hellip;]<\/p>\n<div class=\"button category mt-15\">\t\t\t\t\t<a href=\"https:\/\/sosve.lu\/en\/category\/international-day\/\">International Days<\/a><a href=\"https:\/\/sosve.lu\/en\/category\/testimonies\/\">Testimonies<\/a><\/div><\/div>\n\n\t\t\t\n<\/div>\n\t\t\t\t\t<\/article>\n\n          \n\n        \t\t\t<article class=\"post col-12 horizontal mb-30 d-flex align-items-stretch\">\n                    <div class=\"row m-0 w-100\">\n                                  \n                    <a class=\"col-md-4 col-12 thumbnail\"  style=\"background-image:url(https:\/\/sosve.lu\/wp-content\/uploads\/2025\/11\/RC-Color-Run-2025_envoyee-par-Baloise-1-scaled.jpg);\" href=\"https:\/\/sosve.lu\/en\/the-color-run-colored-by-baloise-5661e-to-support-the-work-of-sos-villages-denfants-monde\/\">\n                    <\/a>\n\n\t\t\t\t<div class=\"col-md-8 col-12 p-30 d-inline-flex flex-column\">\n                \n                <div class=\"date w-100\">\n\t\t\t\t17.11.2025                <\/div>\n\t\t\t\t\t<h2 class=\"pb-10\">\n                    <a href=\"https:\/\/sosve.lu\/en\/the-color-run-colored-by-baloise-5661e-to-support-the-work-of-sos-villages-denfants-monde\/\">The Color Run colored by Baloise : 5,661\u20ac to support the work of SOS Villages d&#8217;Enfants Monde<\/a>\n                    <\/h2>\n\t\t\t\t\t<p>Following The Color Run\u2122 2025, sponsored by Baloise, the impressive sum of \u20ac5,661 has just been handed over to Sophie Glesener, Director of SOS Children\u2019s Villages World, in the presence of the event\u2019s initiators: Erich Fran\u00e7ois, head of step by step SA, and Dr Christine Theodorovics, CEO of Baloise Luxembourg. The friendly handover ceremony took [&hellip;]<\/p>\n<div class=\"button category mt-15\">\t\t\t\t\t<a href=\"https:\/\/sosve.lu\/en\/category\/events\/\">Events<\/a><a href=\"https:\/\/sosve.lu\/en\/category\/our-partners\/\">Our partners<\/a><a href=\"https:\/\/sosve.lu\/en\/category\/our-projects\/\">Our projects<\/a><a href=\"https:\/\/sosve.lu\/en\/category\/solidarity\/\">Solidarity<\/a><\/div><\/div>\n\n\t\t\t\n<\/div>\n\t\t\t\t\t<\/article>\n\n                    \n          \n          \n     \n\n     <\/div>\n                    \n                              <\/div>\n\n\n\n\n\n<p class=\"has-small-font-size\">Photo : Alea Horst<\/p>\n","protected":false},"excerpt":{"rendered":"<p>SOS Villages d&#8217;Enfants Monde a.s.b.l. is hiring : Photo : Alea Horst<\/p>\n","protected":false},"author":11,"featured_media":7776,"parent":5866,"menu_order":0,"comment_status":"closed","ping_status":"closed","template":"","meta":{"_acf_changed":false,"inline_featured_image":false,"footnotes":""},"class_list":["post-8618","page","type-page","status-publish","has-post-thumbnail","hentry"],"acf":[],"yoast_head":"<!-- This site is optimized with the Yoast SEO plugin v27.3 - https:\/\/yoast.com\/product\/yoast-seo-wordpress\/ -->\n<title>Job openings - SOS Villages d\u2019Enfants Monde<\/title>\n<meta name=\"robots\" content=\"index, follow, max-snippet:-1, max-image-preview:large, max-video-preview:-1\" \/>\n<link rel=\"canonical\" href=\"https:\/\/sosve.lu\/en\/our-association\/our-team\/job-openings\/\" \/>\n<meta property=\"og:locale\" content=\"en_US\" \/>\n<meta property=\"og:type\" content=\"article\" \/>\n<meta property=\"og:title\" content=\"Job openings - SOS Villages d\u2019Enfants Monde\" \/>\n<meta property=\"og:description\" content=\"SOS Villages d&#8217;Enfants Monde a.s.b.l. is hiring : Photo : Alea Horst\" \/>\n<meta property=\"og:url\" content=\"https:\/\/sosve.lu\/en\/our-association\/our-team\/job-openings\/\" \/>\n<meta property=\"og:site_name\" content=\"SOS Villages d\u2019Enfants Monde\" \/>\n<meta property=\"article:publisher\" content=\"https:\/\/www.facebook.com\/sosvemlux\/\" \/>\n<meta property=\"article:modified_time\" content=\"2026-02-23T12:53:45+00:00\" \/>\n<meta property=\"og:image\" content=\"https:\/\/sosve.lu\/wp-content\/uploads\/2022\/02\/Recrutement-Header-1.png\" \/>\n\t<meta property=\"og:image:width\" content=\"1900\" \/>\n\t<meta property=\"og:image:height\" content=\"460\" \/>\n\t<meta property=\"og:image:type\" content=\"image\/png\" \/>\n<meta name=\"twitter:card\" content=\"summary_large_image\" \/>\n<meta name=\"twitter:label1\" content=\"Est. reading time\" \/>\n\t<meta name=\"twitter:data1\" content=\"1 minute\" \/>\n<script type=\"application\/ld+json\" class=\"yoast-schema-graph\">{\"@context\":\"https:\\\/\\\/schema.org\",\"@graph\":[{\"@type\":\"WebPage\",\"@id\":\"https:\\\/\\\/sosve.lu\\\/en\\\/our-association\\\/our-team\\\/job-openings\\\/\",\"url\":\"https:\\\/\\\/sosve.lu\\\/en\\\/our-association\\\/our-team\\\/job-openings\\\/\",\"name\":\"Job openings - SOS Villages d\u2019Enfants Monde\",\"isPartOf\":{\"@id\":\"https:\\\/\\\/sosve.lu\\\/#website\"},\"primaryImageOfPage\":{\"@id\":\"https:\\\/\\\/sosve.lu\\\/en\\\/our-association\\\/our-team\\\/job-openings\\\/#primaryimage\"},\"image\":{\"@id\":\"https:\\\/\\\/sosve.lu\\\/en\\\/our-association\\\/our-team\\\/job-openings\\\/#primaryimage\"},\"thumbnailUrl\":\"https:\\\/\\\/sosve.lu\\\/wp-content\\\/uploads\\\/2022\\\/02\\\/Recrutement-Header-1.png\",\"datePublished\":\"2022-02-07T09:00:05+00:00\",\"dateModified\":\"2026-02-23T12:53:45+00:00\",\"breadcrumb\":{\"@id\":\"https:\\\/\\\/sosve.lu\\\/en\\\/our-association\\\/our-team\\\/job-openings\\\/#breadcrumb\"},\"inLanguage\":\"en-US\",\"potentialAction\":[{\"@type\":\"ReadAction\",\"target\":[\"https:\\\/\\\/sosve.lu\\\/en\\\/our-association\\\/our-team\\\/job-openings\\\/\"]}]},{\"@type\":\"ImageObject\",\"inLanguage\":\"en-US\",\"@id\":\"https:\\\/\\\/sosve.lu\\\/en\\\/our-association\\\/our-team\\\/job-openings\\\/#primaryimage\",\"url\":\"https:\\\/\\\/sosve.lu\\\/wp-content\\\/uploads\\\/2022\\\/02\\\/Recrutement-Header-1.png\",\"contentUrl\":\"https:\\\/\\\/sosve.lu\\\/wp-content\\\/uploads\\\/2022\\\/02\\\/Recrutement-Header-1.png\",\"width\":1900,\"height\":460},{\"@type\":\"BreadcrumbList\",\"@id\":\"https:\\\/\\\/sosve.lu\\\/en\\\/our-association\\\/our-team\\\/job-openings\\\/#breadcrumb\",\"itemListElement\":[{\"@type\":\"ListItem\",\"position\":1,\"name\":\"Our association\",\"item\":\"https:\\\/\\\/sosve.lu\\\/en\\\/our-association\\\/\"},{\"@type\":\"ListItem\",\"position\":2,\"name\":\"Our team\",\"item\":\"https:\\\/\\\/sosve.lu\\\/en\\\/our-association\\\/our-team\\\/\"},{\"@type\":\"ListItem\",\"position\":3,\"name\":\"Job openings\"}]},{\"@type\":\"WebSite\",\"@id\":\"https:\\\/\\\/sosve.lu\\\/#website\",\"url\":\"https:\\\/\\\/sosve.lu\\\/\",\"name\":\"SOS Villages d\u2019Enfants Monde\",\"description\":\"Soutenez SOSVE par un Don\u200e\",\"publisher\":{\"@id\":\"https:\\\/\\\/sosve.lu\\\/#organization\"},\"potentialAction\":[{\"@type\":\"SearchAction\",\"target\":{\"@type\":\"EntryPoint\",\"urlTemplate\":\"https:\\\/\\\/sosve.lu\\\/?s={search_term_string}\"},\"query-input\":{\"@type\":\"PropertyValueSpecification\",\"valueRequired\":true,\"valueName\":\"search_term_string\"}}],\"inLanguage\":\"en-US\"},{\"@type\":\"Organization\",\"@id\":\"https:\\\/\\\/sosve.lu\\\/#organization\",\"name\":\"SOS Villages d'Enfants Luxembourg\",\"url\":\"https:\\\/\\\/sosve.lu\\\/\",\"logo\":{\"@type\":\"ImageObject\",\"inLanguage\":\"en-US\",\"@id\":\"https:\\\/\\\/sosve.lu\\\/#\\\/schema\\\/logo\\\/image\\\/\",\"url\":\"https:\\\/\\\/sosve.lu\\\/wp-content\\\/uploads\\\/2020\\\/04\\\/SOS_Logo.svg\",\"contentUrl\":\"https:\\\/\\\/sosve.lu\\\/wp-content\\\/uploads\\\/2020\\\/04\\\/SOS_Logo.svg\",\"width\":\"1024\",\"height\":\"1024\",\"caption\":\"SOS Villages d'Enfants Luxembourg\"},\"image\":{\"@id\":\"https:\\\/\\\/sosve.lu\\\/#\\\/schema\\\/logo\\\/image\\\/\"},\"sameAs\":[\"https:\\\/\\\/www.facebook.com\\\/sosvemlux\\\/\",\"https:\\\/\\\/www.instagram.com\\\/sosvillagesdenfantsmonde\\\/\",\"https:\\\/\\\/lu.linkedin.com\\\/in\\\/sosvem\"]}]}<\/script>\n<!-- \/ Yoast SEO plugin. -->","yoast_head_json":{"title":"Job openings - SOS Villages d\u2019Enfants Monde","robots":{"index":"index","follow":"follow","max-snippet":"max-snippet:-1","max-image-preview":"max-image-preview:large","max-video-preview":"max-video-preview:-1"},"canonical":"https:\/\/sosve.lu\/en\/our-association\/our-team\/job-openings\/","og_locale":"en_US","og_type":"article","og_title":"Job openings - SOS Villages d\u2019Enfants Monde","og_description":"SOS Villages d&#8217;Enfants Monde a.s.b.l. is hiring : Photo : Alea Horst","og_url":"https:\/\/sosve.lu\/en\/our-association\/our-team\/job-openings\/","og_site_name":"SOS Villages d\u2019Enfants Monde","article_publisher":"https:\/\/www.facebook.com\/sosvemlux\/","article_modified_time":"2026-02-23T12:53:45+00:00","og_image":[{"width":1900,"height":460,"url":"https:\/\/sosve.lu\/wp-content\/uploads\/2022\/02\/Recrutement-Header-1.png","type":"image\/png"}],"twitter_card":"summary_large_image","twitter_misc":{"Est. reading time":"1 minute"},"schema":{"@context":"https:\/\/schema.org","@graph":[{"@type":"WebPage","@id":"https:\/\/sosve.lu\/en\/our-association\/our-team\/job-openings\/","url":"https:\/\/sosve.lu\/en\/our-association\/our-team\/job-openings\/","name":"Job openings - SOS Villages d\u2019Enfants Monde","isPartOf":{"@id":"https:\/\/sosve.lu\/#website"},"primaryImageOfPage":{"@id":"https:\/\/sosve.lu\/en\/our-association\/our-team\/job-openings\/#primaryimage"},"image":{"@id":"https:\/\/sosve.lu\/en\/our-association\/our-team\/job-openings\/#primaryimage"},"thumbnailUrl":"https:\/\/sosve.lu\/wp-content\/uploads\/2022\/02\/Recrutement-Header-1.png","datePublished":"2022-02-07T09:00:05+00:00","dateModified":"2026-02-23T12:53:45+00:00","breadcrumb":{"@id":"https:\/\/sosve.lu\/en\/our-association\/our-team\/job-openings\/#breadcrumb"},"inLanguage":"en-US","potentialAction":[{"@type":"ReadAction","target":["https:\/\/sosve.lu\/en\/our-association\/our-team\/job-openings\/"]}]},{"@type":"ImageObject","inLanguage":"en-US","@id":"https:\/\/sosve.lu\/en\/our-association\/our-team\/job-openings\/#primaryimage","url":"https:\/\/sosve.lu\/wp-content\/uploads\/2022\/02\/Recrutement-Header-1.png","contentUrl":"https:\/\/sosve.lu\/wp-content\/uploads\/2022\/02\/Recrutement-Header-1.png","width":1900,"height":460},{"@type":"BreadcrumbList","@id":"https:\/\/sosve.lu\/en\/our-association\/our-team\/job-openings\/#breadcrumb","itemListElement":[{"@type":"ListItem","position":1,"name":"Our association","item":"https:\/\/sosve.lu\/en\/our-association\/"},{"@type":"ListItem","position":2,"name":"Our team","item":"https:\/\/sosve.lu\/en\/our-association\/our-team\/"},{"@type":"ListItem","position":3,"name":"Job openings"}]},{"@type":"WebSite","@id":"https:\/\/sosve.lu\/#website","url":"https:\/\/sosve.lu\/","name":"SOS Villages d\u2019Enfants Monde","description":"Soutenez SOSVE par un Don\u200e","publisher":{"@id":"https:\/\/sosve.lu\/#organization"},"potentialAction":[{"@type":"SearchAction","target":{"@type":"EntryPoint","urlTemplate":"https:\/\/sosve.lu\/?s={search_term_string}"},"query-input":{"@type":"PropertyValueSpecification","valueRequired":true,"valueName":"search_term_string"}}],"inLanguage":"en-US"},{"@type":"Organization","@id":"https:\/\/sosve.lu\/#organization","name":"SOS Villages d'Enfants Luxembourg","url":"https:\/\/sosve.lu\/","logo":{"@type":"ImageObject","inLanguage":"en-US","@id":"https:\/\/sosve.lu\/#\/schema\/logo\/image\/","url":"https:\/\/sosve.lu\/wp-content\/uploads\/2020\/04\/SOS_Logo.svg","contentUrl":"https:\/\/sosve.lu\/wp-content\/uploads\/2020\/04\/SOS_Logo.svg","width":"1024","height":"1024","caption":"SOS Villages d'Enfants Luxembourg"},"image":{"@id":"https:\/\/sosve.lu\/#\/schema\/logo\/image\/"},"sameAs":["https:\/\/www.facebook.com\/sosvemlux\/","https:\/\/www.instagram.com\/sosvillagesdenfantsmonde\/","https:\/\/lu.linkedin.com\/in\/sosvem"]}]}},"_links":{"self":[{"href":"https:\/\/sosve.lu\/en\/wp-json\/wp\/v2\/pages\/8618","targetHints":{"allow":["GET"]}}],"collection":[{"href":"https:\/\/sosve.lu\/en\/wp-json\/wp\/v2\/pages"}],"about":[{"href":"https:\/\/sosve.lu\/en\/wp-json\/wp\/v2\/types\/page"}],"author":[{"embeddable":true,"href":"https:\/\/sosve.lu\/en\/wp-json\/wp\/v2\/users\/11"}],"replies":[{"embeddable":true,"href":"https:\/\/sosve.lu\/en\/wp-json\/wp\/v2\/comments?post=8618"}],"version-history":[{"count":13,"href":"https:\/\/sosve.lu\/en\/wp-json\/wp\/v2\/pages\/8618\/revisions"}],"predecessor-version":[{"id":9843140,"href":"https:\/\/sosve.lu\/en\/wp-json\/wp\/v2\/pages\/8618\/revisions\/9843140"}],"up":[{"embeddable":true,"href":"https:\/\/sosve.lu\/en\/wp-json\/wp\/v2\/pages\/5866"}],"wp:featuredmedia":[{"embeddable":true,"href":"https:\/\/sosve.lu\/en\/wp-json\/wp\/v2\/media\/7776"}],"wp:attachment":[{"href":"https:\/\/sosve.lu\/en\/wp-json\/wp\/v2\/media?parent=8618"}],"curies":[{"name":"wp","href":"https:\/\/api.w.org\/{rel}","templated":true}]}}